{"id":328,"date":"2025-08-06T10:24:25","date_gmt":"2025-08-06T10:24:25","guid":{"rendered":"https:\/\/perladar.com\/?post_type=product&#038;p=328"},"modified":"2025-08-06T10:24:25","modified_gmt":"2025-08-06T10:24:25","slug":"tablet-stand-for-portable-monitor-phone-desktop-adjustable-articulating-foldable-arm-360-swivel-aluminum-pedestal-base-2-in-1-magnetic-clip-universal-for-ipad-iphone-kindle-4-to-1","status":"publish","type":"product","link":"https:\/\/perladar.com\/pt\/produto\/tablet-stand-for-portable-monitor-phone-desktop-adjustable-articulating-foldable-arm-360-swivel-aluminum-pedestal-base-2-in-1-magnetic-clip-universal-for-ipad-iphone-kindle-4-to-1\/","title":{"rendered":"Suporte de tablet para monitor port\u00e1til, telefone, mesa de trabalho - Bra\u00e7o dobr\u00e1vel articulado ajust\u00e1vel, base de pedestal de alum\u00ednio girat\u00f3ria de 360\u00b0, clipe magn\u00e9tico 2 em 1, universal para iPad iPhone Kindle 4 a 17,3 pol."},"content":{"rendered":"<p class=\"ds-markdown-paragraph\"><strong>Ampla compatibilidade:<\/strong>\u00a0This stand fits e-readers, iPads, tablets, smartphones, and portable monitors from 4.7&#8243; to 17.3&#8243;, including iPad Pro, iPad Air, iPad, iPad mini, Samsung Galaxy Tabs, Microsoft Surface\/Surface Pro, Kindle Fire HD, and drawing tablets.<\/p>\n<p class=\"ds-markdown-paragraph\"><strong>Magnetic Head &amp; Clip (2-in-1):<\/strong>\u00a0Features two interchangeable heads \u2013 a magnetic mount for iPhone 14\/13\/12 (and other MagSafe-compatible phones) plus an adjustable clip for universal device support.<\/p>\n<p class=\"ds-markdown-paragraph\"><strong>Sturdy &amp; Stable Construction:<\/strong>\u00a0Made with premium aluminum alloy for enhanced durability. The adjustable articulating arm ensures secure positioning without slipping, making it ideal for multiple usage scenarios.<\/p>\n<p class=\"ds-markdown-paragraph\"><strong>Rota\u00e7\u00e3o de 360\u00b0 e ajuste de \u00e2ngulo:<\/strong>\u00a0The full-rotation swivel base enables effortless screen positioning. Customizable tilt angles help reduce neck strain \u2013 perfect for drawing, studying, movie-watching, business meetings, and video conferences.<\/p>\n<p class=\"ds-markdown-paragraph\"><strong>Convenient Base Installation:<\/strong>\u00a0Features an adjustable C-clamp base that fits work surfaces up to 60mm thick. Provides stable mounting on desks or bed frames with tool-free quick setup\/removal.<\/p>","protected":false},"excerpt":{"rendered":"<p class=\"ds-markdown-paragraph\"><strong>Ampla compatibilidade:<\/strong>\u00a0This stand fits e-readers, iPads, tablets, smartphones, and portable monitors from 4.7&#8243; to 17.3&#8243;, including iPad Pro, iPad Air, iPad, iPad mini, Samsung Galaxy Tabs, Microsoft Surface\/Surface Pro, Kindle Fire HD, and drawing tablets.<\/p>\n<p class=\"ds-markdown-paragraph\"><strong>Magnetic Head &amp; Clip (2-in-1):<\/strong>\u00a0Features two interchangeable heads \u2013 a magnetic mount for iPhone 14\/13\/12 (and other MagSafe-compatible phones) plus an adjustable clip for universal device support.<\/p>\n<p class=\"ds-markdown-paragraph\"><strong>Sturdy &amp; Stable Construction:<\/strong>\u00a0Made with premium aluminum alloy for enhanced durability. The adjustable articulating arm ensures secure positioning without slipping, making it ideal for multiple usage scenarios.<\/p>\n<p class=\"ds-markdown-paragraph\"><strong>Rota\u00e7\u00e3o de 360\u00b0 e ajuste de \u00e2ngulo:<\/strong>\u00a0The full-rotation swivel base enables effortless screen positioning. Customizable tilt angles help reduce neck strain \u2013 perfect for drawing, studying, movie-watching, business meetings, and video conferences.<\/p>\n<p class=\"ds-markdown-paragraph\"><strong>Convenient Base Installation:<\/strong>\u00a0Features an adjustable C-clamp base that fits work surfaces up to 60mm thick. Provides stable mounting on desks or bed frames with tool-free quick setup\/removal.<\/p>","protected":false},"featured_media":332,"comment_status":"open","ping_status":"closed","template":"","meta":[],"product_cat":[39],"product_tag":[],"_links":{"self":[{"href":"https:\/\/perladar.com\/pt\/wp-json\/wp\/v2\/product\/328"}],"collection":[{"href":"https:\/\/perladar.com\/pt\/wp-json\/wp\/v2\/product"}],"about":[{"href":"https:\/\/perladar.com\/pt\/wp-json\/wp\/v2\/types\/product"}],"replies":[{"embeddable":true,"href":"https:\/\/perladar.com\/pt\/wp-json\/wp\/v2\/comments?post=328"}],"wp:featuredmedia":[{"embeddable":true,"href":"https:\/\/perladar.com\/pt\/wp-json\/wp\/v2\/media\/332"}],"wp:attachment":[{"href":"https:\/\/perladar.com\/pt\/wp-json\/wp\/v2\/media?parent=328"}],"wp:term":[{"taxonomy":"product_cat","embeddable":true,"href":"https:\/\/perladar.com\/pt\/wp-json\/wp\/v2\/product_cat?post=328"},{"taxonomy":"product_tag","embeddable":true,"href":"https:\/\/perladar.com\/pt\/wp-json\/wp\/v2\/product_tag?post=328"}],"curies":[{"name":"wp","href":"https:\/\/api.w.org\/{rel}","templated":true}]}}