{"id":318,"date":"2025-08-06T10:19:07","date_gmt":"2025-08-06T10:19:07","guid":{"rendered":"https:\/\/perladar.com\/?post_type=product&#038;p=318"},"modified":"2025-08-06T10:28:58","modified_gmt":"2025-08-06T10:28:58","slug":"tablet-stand-notebook-monitor-portable-mobile-desktop-base-360-swivel-aluminum-pedestal-and-articulating-arm-2-in-1-magnetic-clip-adjustable-universal-for-ipad-iphone-kindle-4-to-17-3","status":"publish","type":"product","link":"https:\/\/perladar.com\/pt\/produto\/tablet-stand-notebook-monitor-portable-mobile-desktop-base-360-swivel-aluminum-pedestal-and-articulating-arm-2-in-1-magnetic-clip-adjustable-universal-for-ipad-iphone-kindle-4-to-17-3\/","title":{"rendered":"Suporte para Tablet Monitor de Notebook Base de Mesa M\u00f3vel Port\u00e1til Pedestal de Alum\u00ednio Girat\u00f3rio de 360\u00b0 e Bra\u00e7o Articulado 2 em 1 com Clipe Magn\u00e9tico Ajust\u00e1vel Universal para iPad iPhone Kindle 4 a 17,3\""},"content":{"rendered":"<p class=\"ds-markdown-paragraph\"><strong>Ampla compatibilidade:<\/strong>\u00a0Esse suporte \u00e9 adequado para leitores eletr\u00f4nicos, iPads, tablets, telefones e monitores de 4,7 a 17,3 polegadas, incluindo iPad Pro, iPad Air, iPad, iPad mini, Samsung Galaxy Tabs, Surface, Surface Pro, Kindle Fire HD, monitores port\u00e1teis e tablets de desenho.<\/p>\n<p class=\"ds-markdown-paragraph\"><strong>Cabe\u00e7a magn\u00e9tica e clipe:<\/strong>\u00a0Apresenta duas cabe\u00e7as de suporte intercambi\u00e1veis. A cabe\u00e7a de suc\u00e7\u00e3o magn\u00e9tica \u00e9 compat\u00edvel com o iPhone 14, 13, 12 e outros telefones com anel de suc\u00e7\u00e3o magn\u00e9tica.<\/p>\n<p class=\"ds-markdown-paragraph\"><strong>Design robusto e est\u00e1vel:<\/strong>\u00a0Fabricado em liga de alum\u00ednio de alta qualidade, garantindo estabilidade e durabilidade. O bra\u00e7o articulado ajust\u00e1vel aumenta a estabilidade, evitando tombamentos acidentais. Ideal para v\u00e1rios cen\u00e1rios de uso.<\/p>\n<p class=\"ds-markdown-paragraph\"><strong>Rota\u00e7\u00e3o de 360\u00b0 e ajuste de \u00e2ngulo:<\/strong>\u00a0Equipado com uma base girat\u00f3ria de 360\u00b0 para rota\u00e7\u00e3o sem esfor\u00e7o. O \u00e2ngulo do suporte \u00e9 ajust\u00e1vel, permitindo posi\u00e7\u00f5es de visualiza\u00e7\u00e3o personaliz\u00e1veis para reduzir a tens\u00e3o no pesco\u00e7o. Perfeito para desenhar, estudar, assistir a filmes, reuni\u00f5es de neg\u00f3cios e videoconfer\u00eancias.<\/p>","protected":false},"excerpt":{"rendered":"<p class=\"ds-markdown-paragraph\"><strong>Ampla compatibilidade:<\/strong>\u00a0Esse suporte \u00e9 adequado para leitores eletr\u00f4nicos, iPads, tablets, telefones e monitores de 4,7 a 17,3 polegadas, incluindo iPad Pro, iPad Air, iPad, iPad mini, Samsung Galaxy Tabs, Surface, Surface Pro, Kindle Fire HD, monitores port\u00e1teis e tablets de desenho.<\/p>\n<p class=\"ds-markdown-paragraph\"><strong>Cabe\u00e7a magn\u00e9tica e clipe:<\/strong>\u00a0Apresenta duas cabe\u00e7as de suporte intercambi\u00e1veis. A cabe\u00e7a de suc\u00e7\u00e3o magn\u00e9tica \u00e9 compat\u00edvel com o iPhone 14, 13, 12 e outros telefones com anel de suc\u00e7\u00e3o magn\u00e9tica.<\/p>\n<p class=\"ds-markdown-paragraph\"><strong>Design robusto e est\u00e1vel:<\/strong>\u00a0Fabricado em liga de alum\u00ednio de alta qualidade, garantindo estabilidade e durabilidade. O bra\u00e7o articulado ajust\u00e1vel aumenta a estabilidade, evitando tombamentos acidentais. Ideal para v\u00e1rios cen\u00e1rios de uso.<\/p>\n<p class=\"ds-markdown-paragraph\"><strong>Rota\u00e7\u00e3o de 360\u00b0 e ajuste de \u00e2ngulo:<\/strong>\u00a0Equipado com uma base girat\u00f3ria de 360\u00b0 para rota\u00e7\u00e3o sem esfor\u00e7o. O \u00e2ngulo do suporte \u00e9 ajust\u00e1vel, permitindo posi\u00e7\u00f5es de visualiza\u00e7\u00e3o personaliz\u00e1veis para reduzir a tens\u00e3o no pesco\u00e7o. Perfeito para desenhar, estudar, assistir a filmes, reuni\u00f5es de neg\u00f3cios e videoconfer\u00eancias.<\/p>","protected":false},"featured_media":320,"comment_status":"open","ping_status":"closed","template":"","meta":[],"product_cat":[39],"product_tag":[],"_links":{"self":[{"href":"https:\/\/perladar.com\/pt\/wp-json\/wp\/v2\/product\/318"}],"collection":[{"href":"https:\/\/perladar.com\/pt\/wp-json\/wp\/v2\/product"}],"about":[{"href":"https:\/\/perladar.com\/pt\/wp-json\/wp\/v2\/types\/product"}],"replies":[{"embeddable":true,"href":"https:\/\/perladar.com\/pt\/wp-json\/wp\/v2\/comments?post=318"}],"wp:featuredmedia":[{"embeddable":true,"href":"https:\/\/perladar.com\/pt\/wp-json\/wp\/v2\/media\/320"}],"wp:attachment":[{"href":"https:\/\/perladar.com\/pt\/wp-json\/wp\/v2\/media?parent=318"}],"wp:term":[{"taxonomy":"product_cat","embeddable":true,"href":"https:\/\/perladar.com\/pt\/wp-json\/wp\/v2\/product_cat?post=318"},{"taxonomy":"product_tag","embeddable":true,"href":"https:\/\/perladar.com\/pt\/wp-json\/wp\/v2\/product_tag?post=318"}],"curies":[{"name":"wp","href":"https:\/\/api.w.org\/{rel}","templated":true}]}}