{"id":280,"date":"2025-03-27T09:59:06","date_gmt":"2025-03-27T09:59:06","guid":{"rendered":"https:\/\/perladar.com\/?post_type=product&#038;p=280"},"modified":"2025-04-07T03:46:34","modified_gmt":"2025-04-07T03:46:34","slug":"dvd-cd-player-with-bluetooth-speaker","status":"publish","type":"product","link":"https:\/\/perladar.com\/pt\/produto\/dvd-cd-player-with-bluetooth-speaker\/","title":{"rendered":"DVD \/ CD Player com alto-falante Bluetooth"},"content":{"rendered":"<p>\u3010Sa\u00edda HDMI e AV e \uff0calto-falantes\u3011 Esse DVD player oferece duas formas de conex\u00e3o para emparelhar com diferentes dispositivos. O cabo HDMI oferece uma qualidade de v\u00eddeo mais n\u00edtida e \u00e9 adequado para Smart TV, projetor e monitor, proporcionando uma experi\u00eancia de v\u00eddeo mais envolvente. O cabo AV permite a conex\u00e3o com todos os tipos de TVs. Ambos os cabos est\u00e3o inclu\u00eddos no pacote e s\u00e3o fornecidos com dois alto-falantes externos de 3 watts.<br \/>\n\u3010Leitor de CD com Bluetooth\u3011Leitor de CD com Bluetooth: Alto-falantes Hi-Fi Bluetooth duplos integrados, que podem ser conectados a dispositivos habilitados para Bluetooth, como telefone celular ou tablet. Ele funcionar\u00e1 como um alto-falante com fio. AVISO: trata-se de um transmissor e receptor Bluetooth<br \/>\n\u3010Entrada USB\u3011 Possui porta USB 2.0 integrada. Suporta a reprodu\u00e7\u00e3o de MPEG-1V, MPEG-2V, H.263, XVID, DX50, DIVX, MP3, MP2, WMA, AC3, PCM, JPG (AVI\/MPG\/MPEG4\/VOB) e arquivos de v\u00eddeo de 720*480\/576. O formato do USB precisa ser FAT32, com armazenamento de at\u00e9 32 GB.<br \/>\n\u3010Leitor de DVD sem todas as regi\u00f5es\u3011O pequeno leitor de DVD suporta a reprodu\u00e7\u00e3o de DVDs de diferentes regi\u00f5es. O formato de suporte: CD, DVD, DVD-R\/+R, DVD-\/+RW, CD-R\/-RW, VCD, SVCD, discos gravados pelo gravador de DVD. Os discos Blu-ray N\u00c3O s\u00e3o compat\u00edveis!<br \/>\n\u3010Leitor de DVD compacto com fun\u00e7\u00e3o de mem\u00f3ria\u3011 Esse mini DVD player tem a fun\u00e7\u00e3o de mem\u00f3ria, portanto, ele pode come\u00e7ar do ponto em que voc\u00ea parou da \u00faltima vez. Mas se voc\u00ea trocar de disco, ele come\u00e7ar\u00e1 do in\u00edcio. Seu tamanho \u00e9 f\u00e1cil de guardar ou levar para fora. Ele pode ser colocado diretamente em sua bolsa e n\u00e3o ocupar\u00e1 muito espa\u00e7o. Ele tamb\u00e9m pode ser conectado ao projetor, por isso \u00e9 adequado para acampamentos. Voc\u00ea pode curtir m\u00fasicas e filmes de forma conveniente em qualquer lugar.<br \/>\n\u3010Conte\u00fado da embalagem\u3011 1*DVD Player, 1*Controle remoto, 1*Cabo HDMI, 1*Cabo AV, 1*Adaptador CC, 1*Cabo de carregamento, 1*Manual do usu\u00e1rio. Observa\u00e7\u00e3o: N\u00c3O \u00e9 capaz de reproduzir discos Blu-ray! Ele N\u00c3O PODE ser conectado ao computador como uma unidade \u00f3ptica.<\/p>","protected":false},"excerpt":{"rendered":"<p>\u3010HDMI and AV Output,and \uff0cspeakers\u3011 This DVD player provides you with two connection ways to pair with different devices. The HDMI cord can provides more clearer video quality and suitable for Smart TV, projector, monitor and give you the more immersive video experience. The AV cord support to connect to all type of TVs. Both [&#8230;]","protected":false},"featured_media":257,"comment_status":"open","ping_status":"closed","template":"","meta":[],"product_cat":[38],"product_tag":[],"_links":{"self":[{"href":"https:\/\/perladar.com\/pt\/wp-json\/wp\/v2\/product\/280"}],"collection":[{"href":"https:\/\/perladar.com\/pt\/wp-json\/wp\/v2\/product"}],"about":[{"href":"https:\/\/perladar.com\/pt\/wp-json\/wp\/v2\/types\/product"}],"replies":[{"embeddable":true,"href":"https:\/\/perladar.com\/pt\/wp-json\/wp\/v2\/comments?post=280"}],"wp:featuredmedia":[{"embeddable":true,"href":"https:\/\/perladar.com\/pt\/wp-json\/wp\/v2\/media\/257"}],"wp:attachment":[{"href":"https:\/\/perladar.com\/pt\/wp-json\/wp\/v2\/media?parent=280"}],"wp:term":[{"taxonomy":"product_cat","embeddable":true,"href":"https:\/\/perladar.com\/pt\/wp-json\/wp\/v2\/product_cat?post=280"},{"taxonomy":"product_tag","embeddable":true,"href":"https:\/\/perladar.com\/pt\/wp-json\/wp\/v2\/product_tag?post=280"}],"curies":[{"name":"wp","href":"https:\/\/api.w.org\/{rel}","templated":true}]}}