{"id":229,"date":"2025-03-17T14:15:26","date_gmt":"2025-03-17T14:15:26","guid":{"rendered":"https:\/\/perladar.com\/?post_type=product&#038;p=229"},"modified":"2025-06-17T12:40:12","modified_gmt":"2025-06-17T12:40:12","slug":"dvd-player-with-7-inches-lcd-screen","status":"publish","type":"product","link":"https:\/\/perladar.com\/pt\/produto\/dvd-player-with-7-inches-lcd-screen\/","title":{"rendered":"DVD Player com tela LCD de 7 polegadas"},"content":{"rendered":"<p>Tela HD de 1024 \u00d7 600 e som est\u00e9reo Hi-Fi: Desfrute de visuais impressionantes com a tela digital de alta resolu\u00e7\u00e3o de 1024 \u00d7 600 do DVD player port\u00e1til. Seja para assistir a filmes, ver fotos ou fazer streaming de v\u00eddeos, a tela n\u00edtida e vibrante proporciona uma experi\u00eancia imersiva e realista. A resolu\u00e7\u00e3o aprimorada tamb\u00e9m \u00e9 suave para os olhos, o que a torna perfeita para sess\u00f5es de visualiza\u00e7\u00e3o prolongadas. Juntamente com a tecnologia de som est\u00e9reo Hi-Fi, este DVD player oferece \u00e1udio cristalino com som surround rico e sem distor\u00e7\u00e3o, mesmo no volume m\u00e1ximo.<\/p>\n<p>Bateria potente de 4000mAh para visualiza\u00e7\u00e3o prolongada: Diga adeus \u00e0s interrup\u00e7\u00f5es com a bateria integrada de 4000 mAh, que proporciona at\u00e9 5 horas de entretenimento cont\u00ednuo. Perfeito para viagens longas, voos ou para relaxar em casa, esse DVD player port\u00e1til garante que voc\u00ea esteja sempre pronto para assistir aos seus filmes favoritos. Al\u00e9m disso, ele inclui um adaptador CA, para que voc\u00ea possa manter a divers\u00e3o onde quer que esteja - n\u00e3o se preocupe mais com a falta de bateria!<\/p>\n<p>Modos vers\u00e1teis para entretenimento sem fim: Esse DVD player port\u00e1til multifuncional com tela oferece quatro modos f\u00e1ceis de usar: DVD, Bluetooth, USB e LINE. Assista aos seus DVDs ou CDs favoritos em alta qualidade com o modo DVD. Mude para o modo USB para reproduzir m\u00fasicas, v\u00eddeos ou outros arquivos diretamente de uma unidade flash. O modo LINE permite que voc\u00ea se conecte a computadores ou telefones por meio do cabo AUX de 3,5 mm para uma experi\u00eancia de \u00e1udio com fio. Precisa de privacidade? Conecte fones de ouvido ou alto-falantes externos por meio da fun\u00e7\u00e3o AUX<\/p>\n<p>Transmiss\u00e3o e recep\u00e7\u00e3o de Bluetooth sem interrup\u00e7\u00f5es: Equipado com um receptor Bluetooth integrado, este DVD player port\u00e1til com bluetooth pode ser facilmente emparelhado com smartphones, tablets e computadores, funcionando tamb\u00e9m como um alto-falante Bluetooth compacto. Deseja uma experi\u00eancia sem fio ao assistir a DVDs? O recurso de transmissor Bluetooth permite conectar o DVD player a fones de ouvido ou alto-falantes Bluetooth, eliminando a necessidade de cabos emaranhados e proporcionando a m\u00e1xima conveni\u00eancia.<\/p>\n<p>Projetado com as fam\u00edlias em mente: Esse DVD player port\u00e1til para crian\u00e7as \u00e9 simples de usar, o que o torna ideal para crian\u00e7as e idosos. Seus bot\u00f5es grandes e o design intuitivo permitem que os usu\u00e1rios naveguem com facilidade. O suporte a discos sem regi\u00e3o e a interface amig\u00e1vel para crian\u00e7as o tornam perfeito para uso familiar, oferecendo entretenimento que atende a todos, jovens e idosos.<\/p>\n<p>Fun\u00e7\u00e3o de mem\u00f3ria de ponto de interrup\u00e7\u00e3o: O recurso inteligente de mem\u00f3ria de ponto de interrup\u00e7\u00e3o lembra onde voc\u00ea parou, para que voc\u00ea possa retomar o filme sem problemas.<\/p>","protected":false},"excerpt":{"rendered":"<p>1024 \u00d7 600 HD Screen &amp; Hi-Fi Stereo Sound: Enjoy stunning visuals with the portable DVD player&#8217;s 1024 \u00d7 600 high-resolution digital screen. Whether you&#8217;re watching movies, viewing photos, or streaming videos, the sharp and vibrant display delivers an immersive and lifelike experience. The enhanced resolution is also gentle on your eyes, making it perfect [&#8230;]","protected":false},"featured_media":278,"comment_status":"open","ping_status":"closed","template":"","meta":[],"product_cat":[38],"product_tag":[],"_links":{"self":[{"href":"https:\/\/perladar.com\/pt\/wp-json\/wp\/v2\/product\/229"}],"collection":[{"href":"https:\/\/perladar.com\/pt\/wp-json\/wp\/v2\/product"}],"about":[{"href":"https:\/\/perladar.com\/pt\/wp-json\/wp\/v2\/types\/product"}],"replies":[{"embeddable":true,"href":"https:\/\/perladar.com\/pt\/wp-json\/wp\/v2\/comments?post=229"}],"wp:featuredmedia":[{"embeddable":true,"href":"https:\/\/perladar.com\/pt\/wp-json\/wp\/v2\/media\/278"}],"wp:attachment":[{"href":"https:\/\/perladar.com\/pt\/wp-json\/wp\/v2\/media?parent=229"}],"wp:term":[{"taxonomy":"product_cat","embeddable":true,"href":"https:\/\/perladar.com\/pt\/wp-json\/wp\/v2\/product_cat?post=229"},{"taxonomy":"product_tag","embeddable":true,"href":"https:\/\/perladar.com\/pt\/wp-json\/wp\/v2\/product_tag?post=229"}],"curies":[{"name":"wp","href":"https:\/\/api.w.org\/{rel}","templated":true}]}}