{"id":222,"date":"2025-03-17T14:08:23","date_gmt":"2025-03-17T14:08:23","guid":{"rendered":"https:\/\/perladar.com\/?post_type=product&#038;p=222"},"modified":"2025-04-02T09:07:08","modified_gmt":"2025-04-02T09:07:08","slug":"dvd-player","status":"publish","type":"product","link":"https:\/\/perladar.com\/pt\/produto\/dvd-player\/","title":{"rendered":"DVD Player compacto multiformato"},"content":{"rendered":"<p>Experimente o que h\u00e1 de mais moderno em entretenimento dom\u00e9stico com o nosso DVD Player compacto de v\u00e1rios formatos! Esse player vers\u00e1til e port\u00e1til foi projetado para atender a todas as suas necessidades de m\u00eddia, suportando uma ampla variedade de formatos, incluindo CD, CD-G, HD-CD, MP3, WMA, VCD e DVD. Seja para assistir a filmes, ouvir m\u00fasica ou ver apresenta\u00e7\u00f5es de slides de fotos, este DVD player sempre oferece uma reprodu\u00e7\u00e3o n\u00edtida e de alta qualidade.<\/p>\n<p><strong>Principais recursos:<\/strong><\/p>\n<ul>\n<li><strong>Suporte a v\u00e1rios formatos<\/strong>: Reproduza CDs, DVDs, VCDs, MP3s, WMAs e muito mais - tudo em um \u00fanico dispositivo compacto.<\/li>\n<li><strong>Design elegante e port\u00e1til<\/strong>: Medindo apenas 151 x 151 x 28,5 mm, esse player leve \u00e9 perfeito para uso dom\u00e9stico, viagens ou entretenimento em movimento.<\/li>\n<li><strong>Conectividade vers\u00e1til<\/strong>: Equipado com HDMI, conector de \u00e1udio de 3,5 mm, conector AV anal\u00f3gico de 3,5 mm e USB tipo A para conex\u00e3o perfeita com TVs, monitores, alto-falantes e dispositivos de armazenamento externo. A porta USB Tipo C oferece entrada de energia conveniente para facilitar a configura\u00e7\u00e3o.<\/li>\n<li><strong>Simplicidade do Plug-and-Play<\/strong>: F\u00e1cil de usar - basta conectar, inserir seu disco ou unidade USB e aproveitar!<\/li>\n<li><strong>Reprodu\u00e7\u00e3o n\u00edtida<\/strong>: Desfrute de v\u00eddeo n\u00edtido de alta defini\u00e7\u00e3o e \u00e1udio claro para uma experi\u00eancia de visualiza\u00e7\u00e3o envolvente.<\/li>\n<\/ul>\n<p>Perfeito para reviver filmes cl\u00e1ssicos, ouvir seus \u00e1lbuns favoritos ou compartilhar lembran\u00e7as de fam\u00edlia, nosso DVD Player compacto multiformato \u00e9 a solu\u00e7\u00e3o definitiva de entretenimento tudo em um. Seu tamanho compacto e seus recursos vers\u00e1teis o tornam ideal para home theaters, dormit\u00f3rios ou viagens.<\/p>\n<p>Fa\u00e7a seu pedido agora e d\u00ea vida \u00e0 sua m\u00eddia com este DVD player confi\u00e1vel e elegante!<\/p>","protected":false},"excerpt":{"rendered":"<p>Experimente o que h\u00e1 de mais moderno em entretenimento dom\u00e9stico com o nosso DVD Player compacto de v\u00e1rios formatos! Esse player vers\u00e1til e port\u00e1til foi projetado para atender a todas as suas necessidades de m\u00eddia, suportando uma ampla variedade de formatos, incluindo CD, CD-G, HD-CD, MP3, WMA, VCD e DVD. Seja para assistir a filmes, ouvir m\u00fasica ou ver apresenta\u00e7\u00f5es de slides de fotos, este DVD player sempre oferece uma reprodu\u00e7\u00e3o n\u00edtida e de alta qualidade.<\/p>","protected":false},"featured_media":237,"comment_status":"open","ping_status":"closed","template":"","meta":[],"product_cat":[38],"product_tag":[],"_links":{"self":[{"href":"https:\/\/perladar.com\/pt\/wp-json\/wp\/v2\/product\/222"}],"collection":[{"href":"https:\/\/perladar.com\/pt\/wp-json\/wp\/v2\/product"}],"about":[{"href":"https:\/\/perladar.com\/pt\/wp-json\/wp\/v2\/types\/product"}],"replies":[{"embeddable":true,"href":"https:\/\/perladar.com\/pt\/wp-json\/wp\/v2\/comments?post=222"}],"wp:featuredmedia":[{"embeddable":true,"href":"https:\/\/perladar.com\/pt\/wp-json\/wp\/v2\/media\/237"}],"wp:attachment":[{"href":"https:\/\/perladar.com\/pt\/wp-json\/wp\/v2\/media?parent=222"}],"wp:term":[{"taxonomy":"product_cat","embeddable":true,"href":"https:\/\/perladar.com\/pt\/wp-json\/wp\/v2\/product_cat?post=222"},{"taxonomy":"product_tag","embeddable":true,"href":"https:\/\/perladar.com\/pt\/wp-json\/wp\/v2\/product_tag?post=222"}],"curies":[{"name":"wp","href":"https:\/\/api.w.org\/{rel}","templated":true}]}}