{"id":206,"date":"2025-03-16T13:32:12","date_gmt":"2025-03-16T13:32:12","guid":{"rendered":"https:\/\/perladar.com\/?post_type=product&#038;p=206"},"modified":"2025-06-17T15:49:18","modified_gmt":"2025-06-17T15:49:18","slug":"cd-player-with-bluetooth-speaker-609-wt","status":"publish","type":"product","link":"https:\/\/perladar.com\/pt\/produto\/cd-player-with-bluetooth-speaker-609-wt\/","title":{"rendered":"CD Player com alto-falante Bluetooth"},"content":{"rendered":"<p>CD Player multifuncional: 1. reprodutor de CD de mesa, 2. alto-falante HiFi Bluetooth 5.0, 3. r\u00e1dio FM, 4. reprodutor de m\u00fasica com cart\u00e3o TF, 5. reprodutor de unidade flash USB, 6. reprodutor de \u00e1udio de 3,5 mm. Suporta CD, CD-G, MP3, WMA.<\/p>\n<p>CD player Bluetooth: Alto-falantes Hi-Fi Bluetooth duplos integrados, que podem ser conectados a dispositivos habilitados para Bluetooth, como telefones celulares ou tablets. Ele funcionar\u00e1 como um alto-falante com fio. AVISO: trata-se de um transmissor e receptor Bluetooth<\/p>\n<p>Design da \u00e1rea de trabalho: O design da mesa com atualiza\u00e7\u00e3o tamb\u00e9m pode ser usado como um transmissor Bluetooth, que desempenha todas as fun\u00e7\u00f5es m\u00faltiplas do controle remoto. F\u00e1cil de apoiar na mesa sem montagem ou outro suporte.<\/p>\n<p>Alto-falante com fio: Conecte o CD player a outros dispositivos externos com fio, como celular, tablet ou laptop, por meio de um cabo de \u00e1udio macho para macho de 3,5 mm, e ele funcionar\u00e1 como um alto-falante com fio. (Observa\u00e7\u00e3o: o controle remoto n\u00e3o inclui baterias)<\/p>\n<p>\u00d3timo presente: esse CD Player \u00e9 um presente perfeito para todos. Ele suporta controle remoto em um raio de 5 metros, repeti\u00e7\u00e3o A-B, adequado para o aprendizado de idiomas, educa\u00e7\u00e3o pr\u00e9-natal\/treinamento pr\u00e9-natal, educa\u00e7\u00e3o infantil, transmiss\u00e3o de r\u00e1dio FM.<\/p>","protected":false},"excerpt":{"rendered":"<p>Multi-functional CD Player: 1.Desktop CD Player, 2.Bluetooth 5.0 HiFi Speaker, 3. FM Radio, 4.TF card Music Player, 5.USB Flash Drive Player, 6. 3.5mm Audio Player. Support CD, CD-G, MP3, WMA. Bluetooth CD Player: Built-in dual Hi-Fi Bluetooth speakers, which can be connected with Bluetooth-enabled devices such as mobile phone or tablet. It will work as [&#8230;]","protected":false},"featured_media":257,"comment_status":"open","ping_status":"closed","template":"","meta":[],"product_cat":[37],"product_tag":[],"_links":{"self":[{"href":"https:\/\/perladar.com\/pt\/wp-json\/wp\/v2\/product\/206"}],"collection":[{"href":"https:\/\/perladar.com\/pt\/wp-json\/wp\/v2\/product"}],"about":[{"href":"https:\/\/perladar.com\/pt\/wp-json\/wp\/v2\/types\/product"}],"replies":[{"embeddable":true,"href":"https:\/\/perladar.com\/pt\/wp-json\/wp\/v2\/comments?post=206"}],"wp:featuredmedia":[{"embeddable":true,"href":"https:\/\/perladar.com\/pt\/wp-json\/wp\/v2\/media\/257"}],"wp:attachment":[{"href":"https:\/\/perladar.com\/pt\/wp-json\/wp\/v2\/media?parent=206"}],"wp:term":[{"taxonomy":"product_cat","embeddable":true,"href":"https:\/\/perladar.com\/pt\/wp-json\/wp\/v2\/product_cat?post=206"},{"taxonomy":"product_tag","embeddable":true,"href":"https:\/\/perladar.com\/pt\/wp-json\/wp\/v2\/product_tag?post=206"}],"curies":[{"name":"wp","href":"https:\/\/api.w.org\/{rel}","templated":true}]}}