{"id":125,"date":"2025-02-28T07:28:35","date_gmt":"2025-02-28T07:28:35","guid":{"rendered":"http:\/\/perladar.local\/?post_type=product&#038;p=125"},"modified":"2025-03-20T09:57:25","modified_gmt":"2025-03-20T09:57:25","slug":"14-inches-portable-lcd-monitor","status":"publish","type":"product","link":"https:\/\/perladar.com\/pt\/produto\/14-inches-portable-lcd-monitor\/","title":{"rendered":"Monitor LCD port\u00e1til de 14 polegadas"},"content":{"rendered":"<h2>Monitor LCD port\u00e1til de 14 polegadas<\/h2>\n<p>Eleve sua experi\u00eancia de visualiza\u00e7\u00e3o com este monitor compacto, por\u00e9m potente, de 14 polegadas, projetado para profissionais e usu\u00e1rios em tr\u00e2nsito que exigem imagens de alta qualidade sem comprometer a portabilidade.<\/p>\n<h3>Principais recursos:<\/h3>\n<ul>\n<li>Tela impressionante: Desfrute de imagens cristalinas com uma resolu\u00e7\u00e3o de 1920 x 1080 pixels. A tecnologia de painel IPS garante cores vibrantes e detalhes n\u00edtidos, tornando-o perfeito para apresenta\u00e7\u00f5es, jogos ou streaming de seus programas favoritos.<\/li>\n<li>Ampla gama de cores: com uma gama de cores sRGB 72%, experimente cores realistas que d\u00e3o vida ao seu conte\u00fado, seja para editar fotos ou assistir a v\u00eddeos.<\/li>\n<li>Desempenho suave: Com uma taxa de atualiza\u00e7\u00e3o de 60 Hz, esse monitor garante movimentos suaves para todas as suas necessidades multim\u00eddia, reduzindo o desfoque durante cenas de a\u00e7\u00e3o em ritmo acelerado.<\/li>\n<li>\u00c2ngulo de vis\u00e3o de 178\u00b0: Desfrute de cores e nitidez consistentes de praticamente qualquer \u00e2ngulo com um amplo \u00e2ngulo de vis\u00e3o de 178\u00b0. Compartilhe sua tela sem esfor\u00e7o com colegas ou amigos.<\/li>\n<li>Brilho e suporte a HDR: Com um n\u00edvel de brilho de 300 nits, esse monitor \u00e9 brilhante o suficiente para v\u00e1rias condi\u00e7\u00f5es de ilumina\u00e7\u00e3o, e o suporte a HDR aprimora sua experi\u00eancia de visualiza\u00e7\u00e3o, oferecendo melhor contraste e precis\u00e3o de cores.<\/li>\n<li>Conectividade vers\u00e1til: Equipado com duas portas USB Type-C totalmente funcionais, mini HDMI e um conector de \u00e1udio de 3,5 mm, conectar seus dispositivos \u00e9 muito f\u00e1cil. N\u00e3o importa se voc\u00ea est\u00e1 usando um laptop, smartphone ou console de jogos, este monitor tem tudo o que voc\u00ea precisa.<\/li>\n<li>Design port\u00e1til: Leve e fino, este monitor \u00e9 f\u00e1cil de transportar, o que o torna o companheiro ideal para profissionais ou estudantes em viagem.<\/li>\n<\/ul>\n<h3>O pacote inclui:<\/h3>\n<ul>\n<li>Tela LCD de 14 polegadas<\/li>\n<li>Adaptador de energia (tipos de plugue dispon\u00edveis: EUA, Reino Unido e UE)<\/li>\n<li>Cabo HDMI de 1 metro<\/li>\n<li>Cabo USB de 1 metro<\/li>\n<li>Cabo USB tipo C de 1 metro<\/li>\n<\/ul>\n<h3>Observa\u00e7\u00e3o:<\/h3>\n<p>Este monitor n\u00e3o \u00e9 compat\u00edvel com a funcionalidade de toque e n\u00e3o vem com uma bateria interna.<\/p>\n<p>Transforme seu espa\u00e7o de trabalho ou sua configura\u00e7\u00e3o de entretenimento com este monitor LCD port\u00e1til - onde a qualidade encontra a portabilidade. Perfeito para qualquer tarefa, ele \u00e9 a solu\u00e7\u00e3o ideal para quem precisa de um monitor secund\u00e1rio confi\u00e1vel em qualquer lugar!<\/p>","protected":false},"excerpt":{"rendered":"<p>Eleve sua experi\u00eancia de visualiza\u00e7\u00e3o com este monitor compacto, por\u00e9m potente, de 14 polegadas, projetado para profissionais e usu\u00e1rios em tr\u00e2nsito que exigem imagens de alta qualidade sem comprometer a portabilidade.<\/p>","protected":false},"featured_media":127,"comment_status":"open","ping_status":"closed","template":"","meta":[],"product_cat":[31],"product_tag":[],"_links":{"self":[{"href":"https:\/\/perladar.com\/pt\/wp-json\/wp\/v2\/product\/125"}],"collection":[{"href":"https:\/\/perladar.com\/pt\/wp-json\/wp\/v2\/product"}],"about":[{"href":"https:\/\/perladar.com\/pt\/wp-json\/wp\/v2\/types\/product"}],"replies":[{"embeddable":true,"href":"https:\/\/perladar.com\/pt\/wp-json\/wp\/v2\/comments?post=125"}],"wp:featuredmedia":[{"embeddable":true,"href":"https:\/\/perladar.com\/pt\/wp-json\/wp\/v2\/media\/127"}],"wp:attachment":[{"href":"https:\/\/perladar.com\/pt\/wp-json\/wp\/v2\/media?parent=125"}],"wp:term":[{"taxonomy":"product_cat","embeddable":true,"href":"https:\/\/perladar.com\/pt\/wp-json\/wp\/v2\/product_cat?post=125"},{"taxonomy":"product_tag","embeddable":true,"href":"https:\/\/perladar.com\/pt\/wp-json\/wp\/v2\/product_tag?post=125"}],"curies":[{"name":"wp","href":"https:\/\/api.w.org\/{rel}","templated":true}]}}